{"id":71,"date":"2024-02-06T19:18:32","date_gmt":"2024-02-06T19:18:32","guid":{"rendered":"https:\/\/www.hipnoexito7.com\/?page_id=71"},"modified":"2024-12-09T19:44:52","modified_gmt":"2024-12-09T19:44:52","slug":"pagina-de-agendar-llamada","status":"publish","type":"page","link":"https:\/\/www.hipnoexito7.com\/index.php\/pagina-de-agendar-llamada\/","title":{"rendered":"P\u00e1gina de agendar llamada"},"content":{"rendered":"\t\t<div data-elementor-type=\"wp-page\" data-elementor-id=\"71\" class=\"elementor elementor-71\" data-elementor-post-type=\"page\">\n\t\t\t\t\t\t<section class=\"elementor-section elementor-top-section elementor-element elementor-element-59de982a elementor-section-boxed elementor-section-height-default elementor-section-height-default\" data-id=\"59de982a\" data-element_type=\"section\" data-e-type=\"section\" data-settings=\"{&quot;background_background&quot;:&quot;classic&quot;}\">\n\t\t\t\t\t\t<div class=\"elementor-container elementor-column-gap-default\">\n\t\t\t\t\t<div class=\"elementor-column elementor-col-100 elementor-top-column elementor-element elementor-element-259ac1c\" data-id=\"259ac1c\" data-element_type=\"column\" data-e-type=\"column\">\n\t\t\t<div class=\"elementor-widget-wrap elementor-element-populated\">\n\t\t\t\t\t\t<div class=\"elementor-element elementor-element-5685e354 elementor-widget elementor-widget-heading\" data-id=\"5685e354\" data-element_type=\"widget\" data-e-type=\"widget\" data-widget_type=\"heading.default\">\n\t\t\t\t\t<h2 class=\"elementor-heading-title elementor-size-default\">Est\u00e1s a un solo paso de acceder al programa que te permitir\u00e1 adquirir una confianza f\u00e9rrea para hablar en p\u00fablico<\/h2>\t\t\t\t<\/div>\n\t\t\t\t<div class=\"elementor-element elementor-element-3c35a560 elementor-widget elementor-widget-text-editor\" data-id=\"3c35a560\" data-element_type=\"widget\" data-e-type=\"widget\" data-widget_type=\"text-editor.default\">\n\t\t\t\t\t\t\t\t\t<p>Ya casi lo tienes. Ahora solo queda agendar tu <strong>entrevista gratuita<\/strong> para ver si cualificas para acceder a este programa.<\/p>\n<p>Lo peor que puede pasar es que pases 30 minutos conmigo o alguien del equipo hablando sobre tu situaci\u00f3n actual.<\/p>\n<p>Para poder agendar tu entrevista, s\u00f3lo basta con seleccionar el d\u00eda y la hora que mejor se ajuste a ti<\/p>\t\t\t\t\t\t\t\t<\/div>\n\t\t\t\t<div class=\"elementor-element elementor-element-3f005e62 elementor-widget elementor-widget-text-editor\" data-id=\"3f005e62\" data-element_type=\"widget\" data-e-type=\"widget\" data-widget_type=\"text-editor.default\">\n\t\t\t\t\t\t\t\t\t<!-- Principio del widget integrado de Calendly -->\n<div class=\"calendly-inline-widget\" data-url=\"https:\/\/calendly.com\/hipnoexito7-info\/entrevistas-como-conseguir-una-confianza-ferrea?hide_event_type_details=1&#038;hide_gdpr_banner=1\" style=\"min-width:320px;height:700px;\"><\/div>\n<script type=\"text\/javascript\" src=\"https:\/\/assets.calendly.com\/assets\/external\/widget.js\" async><\/script>\n<!-- Final del widget integrado de Calendly -->\t\t\t\t\t\t\t\t<\/div>\n\t\t\t\t\t<\/div>\n\t\t<\/div>\n\t\t\t\t\t<\/div>\n\t\t<\/section>\n\t\t\t\t<section class=\"elementor-section elementor-top-section elementor-element elementor-element-3fc9da2 elementor-section-boxed elementor-section-height-default elementor-section-height-default\" data-id=\"3fc9da2\" data-element_type=\"section\" data-e-type=\"section\" data-settings=\"{&quot;background_background&quot;:&quot;classic&quot;}\">\n\t\t\t\t\t\t<div class=\"elementor-container elementor-column-gap-default\">\n\t\t\t\t\t<div class=\"elementor-column elementor-col-100 elementor-top-column elementor-element elementor-element-3f6d46c7\" data-id=\"3f6d46c7\" data-element_type=\"column\" data-e-type=\"column\">\n\t\t\t<div class=\"elementor-widget-wrap elementor-element-populated\">\n\t\t\t\t\t\t<div class=\"elementor-element elementor-element-31f27af5 elementor-widget-divider--view-line elementor-widget elementor-widget-divider\" data-id=\"31f27af5\" data-element_type=\"widget\" data-e-type=\"widget\" data-widget_type=\"divider.default\">\n\t\t\t\t\t\t\t<div class=\"elementor-divider\">\n\t\t\t<span class=\"elementor-divider-separator\">\n\t\t\t\t\t\t<\/span>\n\t\t<\/div>\n\t\t\t\t\t\t<\/div>\n\t\t\t\t<div class=\"elementor-element elementor-element-215648df elementor-widget elementor-widget-text-editor\" data-id=\"215648df\" data-element_type=\"widget\" data-e-type=\"widget\" data-widget_type=\"text-editor.default\">\n\t\t\t\t\t\t\t\t\t<p>Copyright \u00a9 2024 hipnoexito l Pol\u00edticas de Privacidad l Pol\u00edtica de Cookies l T\u00e9rminos y condiciones<\/p>\t\t\t\t\t\t\t\t<\/div>\n\t\t\t\t\t<\/div>\n\t\t<\/div>\n\t\t\t\t\t<\/div>\n\t\t<\/section>\n\t\t<div class=\"elementor-element elementor-element-d5e262e e-flex e-con-boxed e-con e-parent\" data-id=\"d5e262e\" data-element_type=\"container\" data-e-type=\"container\">\n\t\t\t\t\t<div class=\"e-con-inner\">\n\t\t\t\t\t<\/div>\n\t\t\t\t<\/div>\n\t\t\t\t<\/div>\n\t\t","protected":false},"excerpt":{"rendered":"<p>Est\u00e1s a un solo paso de acceder al programa que te permitir\u00e1 adquirir una confianza f\u00e9rrea para hablar en p\u00fablico Ya casi lo tienes. Ahora solo queda agendar tu entrevista gratuita para ver si cualificas para acceder a este programa. Lo peor que puede pasar es que pases 30 minutos conmigo o alguien del equipo [&hellip;]<\/p>\n","protected":false},"author":1,"featured_media":0,"parent":0,"menu_order":0,"comment_status":"closed","ping_status":"closed","template":"elementor_canvas","meta":{"footnotes":""},"class_list":["post-71","page","type-page","status-publish","hentry"],"yoast_head":"<!-- This site is optimized with the Yoast SEO plugin v27.4 - https:\/\/yoast.com\/product\/yoast-seo-wordpress\/ -->\n<title>P\u00e1gina de agendar llamada - hipnoexito7<\/title>\n<meta name=\"robots\" content=\"index, follow, max-snippet:-1, max-image-preview:large, max-video-preview:-1\" \/>\n<link rel=\"canonical\" href=\"https:\/\/www.hipnoexito7.com\/index.php\/pagina-de-agendar-llamada\/\" \/>\n<meta property=\"og:locale\" content=\"es_ES\" \/>\n<meta property=\"og:type\" content=\"article\" \/>\n<meta property=\"og:title\" content=\"P\u00e1gina de agendar llamada - hipnoexito7\" \/>\n<meta property=\"og:description\" content=\"Est\u00e1s a un solo paso de acceder al programa que te permitir\u00e1 adquirir una confianza f\u00e9rrea para hablar en p\u00fablico Ya casi lo tienes. Ahora solo queda agendar tu entrevista gratuita para ver si cualificas para acceder a este programa. Lo peor que puede pasar es que pases 30 minutos conmigo o alguien del equipo [&hellip;]\" \/>\n<meta property=\"og:url\" content=\"https:\/\/www.hipnoexito7.com\/index.php\/pagina-de-agendar-llamada\/\" \/>\n<meta property=\"og:site_name\" content=\"hipnoexito7\" \/>\n<meta property=\"article:modified_time\" content=\"2024-12-09T19:44:52+00:00\" \/>\n<meta name=\"twitter:card\" content=\"summary_large_image\" \/>\n<meta name=\"twitter:label1\" content=\"Tiempo de lectura\" \/>\n\t<meta name=\"twitter:data1\" content=\"1 minuto\" \/>\n<script type=\"application\/ld+json\" class=\"yoast-schema-graph\">{\"@context\":\"https:\\\/\\\/schema.org\",\"@graph\":[{\"@type\":\"WebPage\",\"@id\":\"https:\\\/\\\/www.hipnoexito7.com\\\/index.php\\\/pagina-de-agendar-llamada\\\/\",\"url\":\"https:\\\/\\\/www.hipnoexito7.com\\\/index.php\\\/pagina-de-agendar-llamada\\\/\",\"name\":\"P\u00e1gina de agendar llamada - hipnoexito7\",\"isPartOf\":{\"@id\":\"https:\\\/\\\/www.hipnoexito7.com\\\/#website\"},\"datePublished\":\"2024-02-06T19:18:32+00:00\",\"dateModified\":\"2024-12-09T19:44:52+00:00\",\"breadcrumb\":{\"@id\":\"https:\\\/\\\/www.hipnoexito7.com\\\/index.php\\\/pagina-de-agendar-llamada\\\/#breadcrumb\"},\"inLanguage\":\"es\",\"potentialAction\":[{\"@type\":\"ReadAction\",\"target\":[\"https:\\\/\\\/www.hipnoexito7.com\\\/index.php\\\/pagina-de-agendar-llamada\\\/\"]}]},{\"@type\":\"BreadcrumbList\",\"@id\":\"https:\\\/\\\/www.hipnoexito7.com\\\/index.php\\\/pagina-de-agendar-llamada\\\/#breadcrumb\",\"itemListElement\":[{\"@type\":\"ListItem\",\"position\":1,\"name\":\"Portada\",\"item\":\"https:\\\/\\\/www.hipnoexito7.com\\\/\"},{\"@type\":\"ListItem\",\"position\":2,\"name\":\"P\u00e1gina de agendar llamada\"}]},{\"@type\":\"WebSite\",\"@id\":\"https:\\\/\\\/www.hipnoexito7.com\\\/#website\",\"url\":\"https:\\\/\\\/www.hipnoexito7.com\\\/\",\"name\":\"hipnoexito7\",\"description\":\"Habla en p&uacute;blico con publico con confianza y s&eacute; esa persona que todos admiran en un escenario\",\"potentialAction\":[{\"@type\":\"SearchAction\",\"target\":{\"@type\":\"EntryPoint\",\"urlTemplate\":\"https:\\\/\\\/www.hipnoexito7.com\\\/?s={search_term_string}\"},\"query-input\":{\"@type\":\"PropertyValueSpecification\",\"valueRequired\":true,\"valueName\":\"search_term_string\"}}],\"inLanguage\":\"es\"}]}<\/script>\n<!-- \/ Yoast SEO plugin. -->","yoast_head_json":{"title":"P\u00e1gina de agendar llamada - hipnoexito7","robots":{"index":"index","follow":"follow","max-snippet":"max-snippet:-1","max-image-preview":"max-image-preview:large","max-video-preview":"max-video-preview:-1"},"canonical":"https:\/\/www.hipnoexito7.com\/index.php\/pagina-de-agendar-llamada\/","og_locale":"es_ES","og_type":"article","og_title":"P\u00e1gina de agendar llamada - hipnoexito7","og_description":"Est\u00e1s a un solo paso de acceder al programa que te permitir\u00e1 adquirir una confianza f\u00e9rrea para hablar en p\u00fablico Ya casi lo tienes. Ahora solo queda agendar tu entrevista gratuita para ver si cualificas para acceder a este programa. Lo peor que puede pasar es que pases 30 minutos conmigo o alguien del equipo [&hellip;]","og_url":"https:\/\/www.hipnoexito7.com\/index.php\/pagina-de-agendar-llamada\/","og_site_name":"hipnoexito7","article_modified_time":"2024-12-09T19:44:52+00:00","twitter_card":"summary_large_image","twitter_misc":{"Tiempo de lectura":"1 minuto"},"schema":{"@context":"https:\/\/schema.org","@graph":[{"@type":"WebPage","@id":"https:\/\/www.hipnoexito7.com\/index.php\/pagina-de-agendar-llamada\/","url":"https:\/\/www.hipnoexito7.com\/index.php\/pagina-de-agendar-llamada\/","name":"P\u00e1gina de agendar llamada - hipnoexito7","isPartOf":{"@id":"https:\/\/www.hipnoexito7.com\/#website"},"datePublished":"2024-02-06T19:18:32+00:00","dateModified":"2024-12-09T19:44:52+00:00","breadcrumb":{"@id":"https:\/\/www.hipnoexito7.com\/index.php\/pagina-de-agendar-llamada\/#breadcrumb"},"inLanguage":"es","potentialAction":[{"@type":"ReadAction","target":["https:\/\/www.hipnoexito7.com\/index.php\/pagina-de-agendar-llamada\/"]}]},{"@type":"BreadcrumbList","@id":"https:\/\/www.hipnoexito7.com\/index.php\/pagina-de-agendar-llamada\/#breadcrumb","itemListElement":[{"@type":"ListItem","position":1,"name":"Portada","item":"https:\/\/www.hipnoexito7.com\/"},{"@type":"ListItem","position":2,"name":"P\u00e1gina de agendar llamada"}]},{"@type":"WebSite","@id":"https:\/\/www.hipnoexito7.com\/#website","url":"https:\/\/www.hipnoexito7.com\/","name":"hipnoexito7","description":"Habla en p&uacute;blico con publico con confianza y s&eacute; esa persona que todos admiran en un escenario","potentialAction":[{"@type":"SearchAction","target":{"@type":"EntryPoint","urlTemplate":"https:\/\/www.hipnoexito7.com\/?s={search_term_string}"},"query-input":{"@type":"PropertyValueSpecification","valueRequired":true,"valueName":"search_term_string"}}],"inLanguage":"es"}]}},"_links":{"self":[{"href":"https:\/\/www.hipnoexito7.com\/index.php\/wp-json\/wp\/v2\/pages\/71","targetHints":{"allow":["GET"]}}],"collection":[{"href":"https:\/\/www.hipnoexito7.com\/index.php\/wp-json\/wp\/v2\/pages"}],"about":[{"href":"https:\/\/www.hipnoexito7.com\/index.php\/wp-json\/wp\/v2\/types\/page"}],"author":[{"embeddable":true,"href":"https:\/\/www.hipnoexito7.com\/index.php\/wp-json\/wp\/v2\/users\/1"}],"replies":[{"embeddable":true,"href":"https:\/\/www.hipnoexito7.com\/index.php\/wp-json\/wp\/v2\/comments?post=71"}],"version-history":[{"count":28,"href":"https:\/\/www.hipnoexito7.com\/index.php\/wp-json\/wp\/v2\/pages\/71\/revisions"}],"predecessor-version":[{"id":282,"href":"https:\/\/www.hipnoexito7.com\/index.php\/wp-json\/wp\/v2\/pages\/71\/revisions\/282"}],"wp:attachment":[{"href":"https:\/\/www.hipnoexito7.com\/index.php\/wp-json\/wp\/v2\/media?parent=71"}],"curies":[{"name":"wp","href":"https:\/\/api.w.org\/{rel}","templated":true}]}}