{"id":57,"date":"2024-02-06T17:01:57","date_gmt":"2024-02-06T17:01:57","guid":{"rendered":"https:\/\/www.hipnoexito7.com\/?page_id=57"},"modified":"2025-10-16T18:24:34","modified_gmt":"2025-10-16T18:24:34","slug":"gracias","status":"publish","type":"page","link":"https:\/\/www.hipnoexito7.com\/index.php\/gracias\/","title":{"rendered":"Gracias"},"content":{"rendered":"\t\t<div data-elementor-type=\"wp-page\" data-elementor-id=\"57\" class=\"elementor elementor-57\" data-elementor-post-type=\"page\">\n\t\t\t\t\t\t<section class=\"elementor-section elementor-top-section elementor-element elementor-element-39555cb8 elementor-section-boxed elementor-section-height-default elementor-section-height-default\" data-id=\"39555cb8\" data-element_type=\"section\" data-e-type=\"section\" data-settings=\"{&quot;background_background&quot;:&quot;classic&quot;}\">\n\t\t\t\t\t\t<div class=\"elementor-container elementor-column-gap-default\">\n\t\t\t\t\t<div class=\"elementor-column elementor-col-100 elementor-top-column elementor-element elementor-element-7a507ad9\" data-id=\"7a507ad9\" data-element_type=\"column\" data-e-type=\"column\">\n\t\t\t<div class=\"elementor-widget-wrap elementor-element-populated\">\n\t\t\t\t\t\t<div class=\"elementor-element elementor-element-7064bca3 elementor-widget elementor-widget-heading\" data-id=\"7064bca3\" data-element_type=\"widget\" data-e-type=\"widget\" data-widget_type=\"heading.default\">\n\t\t\t\t\t<h3 class=\"elementor-heading-title elementor-size-default\">FELICIDADES ERES PARTE DE LA COMUNIDAD CONFIANZA IMPARABLE\n\n\u00a1Lo Conseguiste! Bienvenido a la comunidad\nRevisa tu bandeja de entrada (y la carpeta de Spam) Te hemos enviado los primeros recursos y las instrucciones finales por correo.\n<\/h3>\t\t\t\t<\/div>\n\t\t\t\t\t<\/div>\n\t\t<\/div>\n\t\t\t\t\t<\/div>\n\t\t<\/section>\n\t\t\t\t<section class=\"elementor-section elementor-top-section elementor-element elementor-element-58d6a87a elementor-section-boxed elementor-section-height-default elementor-section-height-default\" data-id=\"58d6a87a\" data-element_type=\"section\" data-e-type=\"section\" data-settings=\"{&quot;background_background&quot;:&quot;classic&quot;}\">\n\t\t\t\t\t\t<div class=\"elementor-container elementor-column-gap-default\">\n\t\t\t\t\t<div class=\"elementor-column elementor-col-100 elementor-top-column elementor-element elementor-element-6f823eae\" data-id=\"6f823eae\" data-element_type=\"column\" data-e-type=\"column\">\n\t\t\t<div class=\"elementor-widget-wrap elementor-element-populated\">\n\t\t\t\t\t\t<div class=\"elementor-element elementor-element-55597eda elementor-widget-divider--view-line elementor-widget elementor-widget-divider\" data-id=\"55597eda\" data-element_type=\"widget\" data-e-type=\"widget\" data-widget_type=\"divider.default\">\n\t\t\t\t\t\t\t<div class=\"elementor-divider\">\n\t\t\t<span class=\"elementor-divider-separator\">\n\t\t\t\t\t\t<\/span>\n\t\t<\/div>\n\t\t\t\t\t\t<\/div>\n\t\t\t\t<div class=\"elementor-element elementor-element-35633c6e elementor-widget elementor-widget-text-editor\" data-id=\"35633c6e\" data-element_type=\"widget\" data-e-type=\"widget\" data-widget_type=\"text-editor.default\">\n\t\t\t\t\t\t\t\t\t<p>Copyright \u00a9 2023 Incubadora de Lanzamientos l Pol\u00edticas de Privacidad l Pol\u00edtica de Cookies l T\u00e9rminos y condiciones<\/p>\t\t\t\t\t\t\t\t<\/div>\n\t\t\t\t\t<\/div>\n\t\t<\/div>\n\t\t\t\t\t<\/div>\n\t\t<\/section>\n\t\t\t\t<\/div>\n\t\t","protected":false},"excerpt":{"rendered":"<p>FELICIDADES ERES PARTE DE LA COMUNIDAD CONFIANZA IMPARABLE \u00a1Lo Conseguiste! Bienvenido a la comunidad Revisa tu bandeja de entrada (y la carpeta de Spam) Te hemos enviado los primeros recursos y las instrucciones finales por correo. Copyright \u00a9 2023 Incubadora de Lanzamientos l Pol\u00edticas de Privacidad l Pol\u00edtica de Cookies l T\u00e9rminos y condiciones<\/p>\n","protected":false},"author":1,"featured_media":0,"parent":0,"menu_order":0,"comment_status":"closed","ping_status":"closed","template":"elementor_canvas","meta":{"footnotes":""},"class_list":["post-57","page","type-page","status-publish","hentry"],"yoast_head":"<!-- This site is optimized with the Yoast SEO plugin v27.4 - https:\/\/yoast.com\/product\/yoast-seo-wordpress\/ -->\n<title>Gracias - hipnoexito7<\/title>\n<meta name=\"robots\" content=\"index, follow, max-snippet:-1, max-image-preview:large, max-video-preview:-1\" \/>\n<link rel=\"canonical\" href=\"https:\/\/www.hipnoexito7.com\/index.php\/gracias\/\" \/>\n<meta property=\"og:locale\" content=\"es_ES\" \/>\n<meta property=\"og:type\" content=\"article\" \/>\n<meta property=\"og:title\" content=\"Gracias - hipnoexito7\" \/>\n<meta property=\"og:description\" content=\"FELICIDADES ERES PARTE DE LA COMUNIDAD CONFIANZA IMPARABLE \u00a1Lo Conseguiste! Bienvenido a la comunidad Revisa tu bandeja de entrada (y la carpeta de Spam) Te hemos enviado los primeros recursos y las instrucciones finales por correo. Copyright \u00a9 2023 Incubadora de Lanzamientos l Pol\u00edticas de Privacidad l Pol\u00edtica de Cookies l T\u00e9rminos y condiciones\" \/>\n<meta property=\"og:url\" content=\"https:\/\/www.hipnoexito7.com\/index.php\/gracias\/\" \/>\n<meta property=\"og:site_name\" content=\"hipnoexito7\" \/>\n<meta property=\"article:modified_time\" content=\"2025-10-16T18:24:34+00:00\" \/>\n<meta name=\"twitter:card\" content=\"summary_large_image\" \/>\n<script type=\"application\/ld+json\" class=\"yoast-schema-graph\">{\"@context\":\"https:\\\/\\\/schema.org\",\"@graph\":[{\"@type\":\"WebPage\",\"@id\":\"https:\\\/\\\/www.hipnoexito7.com\\\/index.php\\\/gracias\\\/\",\"url\":\"https:\\\/\\\/www.hipnoexito7.com\\\/index.php\\\/gracias\\\/\",\"name\":\"Gracias - hipnoexito7\",\"isPartOf\":{\"@id\":\"https:\\\/\\\/www.hipnoexito7.com\\\/#website\"},\"datePublished\":\"2024-02-06T17:01:57+00:00\",\"dateModified\":\"2025-10-16T18:24:34+00:00\",\"breadcrumb\":{\"@id\":\"https:\\\/\\\/www.hipnoexito7.com\\\/index.php\\\/gracias\\\/#breadcrumb\"},\"inLanguage\":\"es\",\"potentialAction\":[{\"@type\":\"ReadAction\",\"target\":[\"https:\\\/\\\/www.hipnoexito7.com\\\/index.php\\\/gracias\\\/\"]}]},{\"@type\":\"BreadcrumbList\",\"@id\":\"https:\\\/\\\/www.hipnoexito7.com\\\/index.php\\\/gracias\\\/#breadcrumb\",\"itemListElement\":[{\"@type\":\"ListItem\",\"position\":1,\"name\":\"Portada\",\"item\":\"https:\\\/\\\/www.hipnoexito7.com\\\/\"},{\"@type\":\"ListItem\",\"position\":2,\"name\":\"Gracias\"}]},{\"@type\":\"WebSite\",\"@id\":\"https:\\\/\\\/www.hipnoexito7.com\\\/#website\",\"url\":\"https:\\\/\\\/www.hipnoexito7.com\\\/\",\"name\":\"hipnoexito7\",\"description\":\"Habla en p&uacute;blico con publico con confianza y s&eacute; esa persona que todos admiran en un escenario\",\"potentialAction\":[{\"@type\":\"SearchAction\",\"target\":{\"@type\":\"EntryPoint\",\"urlTemplate\":\"https:\\\/\\\/www.hipnoexito7.com\\\/?s={search_term_string}\"},\"query-input\":{\"@type\":\"PropertyValueSpecification\",\"valueRequired\":true,\"valueName\":\"search_term_string\"}}],\"inLanguage\":\"es\"}]}<\/script>\n<!-- \/ Yoast SEO plugin. -->","yoast_head_json":{"title":"Gracias - hipnoexito7","robots":{"index":"index","follow":"follow","max-snippet":"max-snippet:-1","max-image-preview":"max-image-preview:large","max-video-preview":"max-video-preview:-1"},"canonical":"https:\/\/www.hipnoexito7.com\/index.php\/gracias\/","og_locale":"es_ES","og_type":"article","og_title":"Gracias - hipnoexito7","og_description":"FELICIDADES ERES PARTE DE LA COMUNIDAD CONFIANZA IMPARABLE \u00a1Lo Conseguiste! Bienvenido a la comunidad Revisa tu bandeja de entrada (y la carpeta de Spam) Te hemos enviado los primeros recursos y las instrucciones finales por correo. Copyright \u00a9 2023 Incubadora de Lanzamientos l Pol\u00edticas de Privacidad l Pol\u00edtica de Cookies l T\u00e9rminos y condiciones","og_url":"https:\/\/www.hipnoexito7.com\/index.php\/gracias\/","og_site_name":"hipnoexito7","article_modified_time":"2025-10-16T18:24:34+00:00","twitter_card":"summary_large_image","schema":{"@context":"https:\/\/schema.org","@graph":[{"@type":"WebPage","@id":"https:\/\/www.hipnoexito7.com\/index.php\/gracias\/","url":"https:\/\/www.hipnoexito7.com\/index.php\/gracias\/","name":"Gracias - hipnoexito7","isPartOf":{"@id":"https:\/\/www.hipnoexito7.com\/#website"},"datePublished":"2024-02-06T17:01:57+00:00","dateModified":"2025-10-16T18:24:34+00:00","breadcrumb":{"@id":"https:\/\/www.hipnoexito7.com\/index.php\/gracias\/#breadcrumb"},"inLanguage":"es","potentialAction":[{"@type":"ReadAction","target":["https:\/\/www.hipnoexito7.com\/index.php\/gracias\/"]}]},{"@type":"BreadcrumbList","@id":"https:\/\/www.hipnoexito7.com\/index.php\/gracias\/#breadcrumb","itemListElement":[{"@type":"ListItem","position":1,"name":"Portada","item":"https:\/\/www.hipnoexito7.com\/"},{"@type":"ListItem","position":2,"name":"Gracias"}]},{"@type":"WebSite","@id":"https:\/\/www.hipnoexito7.com\/#website","url":"https:\/\/www.hipnoexito7.com\/","name":"hipnoexito7","description":"Habla en p&uacute;blico con publico con confianza y s&eacute; esa persona que todos admiran en un escenario","potentialAction":[{"@type":"SearchAction","target":{"@type":"EntryPoint","urlTemplate":"https:\/\/www.hipnoexito7.com\/?s={search_term_string}"},"query-input":{"@type":"PropertyValueSpecification","valueRequired":true,"valueName":"search_term_string"}}],"inLanguage":"es"}]}},"_links":{"self":[{"href":"https:\/\/www.hipnoexito7.com\/index.php\/wp-json\/wp\/v2\/pages\/57","targetHints":{"allow":["GET"]}}],"collection":[{"href":"https:\/\/www.hipnoexito7.com\/index.php\/wp-json\/wp\/v2\/pages"}],"about":[{"href":"https:\/\/www.hipnoexito7.com\/index.php\/wp-json\/wp\/v2\/types\/page"}],"author":[{"embeddable":true,"href":"https:\/\/www.hipnoexito7.com\/index.php\/wp-json\/wp\/v2\/users\/1"}],"replies":[{"embeddable":true,"href":"https:\/\/www.hipnoexito7.com\/index.php\/wp-json\/wp\/v2\/comments?post=57"}],"version-history":[{"count":34,"href":"https:\/\/www.hipnoexito7.com\/index.php\/wp-json\/wp\/v2\/pages\/57\/revisions"}],"predecessor-version":[{"id":361,"href":"https:\/\/www.hipnoexito7.com\/index.php\/wp-json\/wp\/v2\/pages\/57\/revisions\/361"}],"wp:attachment":[{"href":"https:\/\/www.hipnoexito7.com\/index.php\/wp-json\/wp\/v2\/media?parent=57"}],"curies":[{"name":"wp","href":"https:\/\/api.w.org\/{rel}","templated":true}]}}