{"id":49,"date":"2024-02-06T16:57:13","date_gmt":"2024-02-06T16:57:13","guid":{"rendered":"https:\/\/www.hipnoexito7.com\/?page_id=49"},"modified":"2024-02-06T16:58:52","modified_gmt":"2024-02-06T16:58:52","slug":"elementor-49","status":"publish","type":"page","link":"https:\/\/www.hipnoexito7.com\/index.php\/elementor-49\/","title":{"rendered":"Elementor #49"},"content":{"rendered":"\t\t<div data-elementor-type=\"wp-page\" data-elementor-id=\"49\" class=\"elementor elementor-49\" data-elementor-post-type=\"page\">\n\t\t\t\t\t\t<section class=\"elementor-section elementor-top-section elementor-element elementor-element-21f041fd elementor-section-boxed elementor-section-height-default elementor-section-height-default\" data-id=\"21f041fd\" data-element_type=\"section\" data-e-type=\"section\" data-settings=\"{&quot;background_background&quot;:&quot;classic&quot;}\">\n\t\t\t\t\t\t<div class=\"elementor-container elementor-column-gap-default\">\n\t\t\t\t\t<div class=\"elementor-column elementor-col-100 elementor-top-column elementor-element elementor-element-7dceb381\" data-id=\"7dceb381\" data-element_type=\"column\" data-e-type=\"column\">\n\t\t\t<div class=\"elementor-widget-wrap elementor-element-populated\">\n\t\t\t\t\t\t<div class=\"elementor-element elementor-element-6a6ce69d elementor-widget elementor-widget-heading\" data-id=\"6a6ce69d\" data-element_type=\"widget\" data-e-type=\"widget\" data-widget_type=\"heading.default\">\n\t\t\t\t\t<h2 class=\"elementor-heading-title elementor-size-default\">\u00danete al grupo de WhatsApp para que puedas recibir toda la informaci\u00f3n de la clase online.<\/h2>\t\t\t\t<\/div>\n\t\t\t\t<div class=\"elementor-element elementor-element-4262b7a4 elementor-align-center elementor-widget elementor-widget-button\" data-id=\"4262b7a4\" data-element_type=\"widget\" data-e-type=\"widget\" data-widget_type=\"button.default\">\n\t\t\t\t\t\t\t\t\t\t<a class=\"elementor-button elementor-button-link elementor-size-sm elementor-animation-pop\" href=\"#\">\n\t\t\t\t\t\t<span class=\"elementor-button-content-wrapper\">\n\t\t\t\t\t\t<span class=\"elementor-button-icon\">\n\t\t\t\t<svg xmlns=\"http:\/\/www.w3.org\/2000\/svg\" id=\"b385ca18-4b85-46d4-bb4b-571c73a19812\" data-name=\"b922a425-e5e0-4ef1-881c-5748460fd139\" viewBox=\"0 0 30.125 18.1738\"><title>arrow-icon-size3<\/title><path d=\"M29.75,9.3948,21.5281,1.1735a.8479.8479,0,0,0-.601-.261L20.9124.9119a.8526.8526,0,0,0-.5956.2409.8642.8642,0,0,0-.0027,1.23l6.7618,6.7611H.7316a.8566.8566,0,1,0,0,1.7131H27.0759l-6.7591,6.7591a.8576.8576,0,0,0-.0214,1.2113.8462.8462,0,0,0,.61.2583.8949.8949,0,0,0,.621-.2556l8.2233-8.224A.8587.8587,0,0,0,29.75,9.3948Z\" transform=\"translate(0.125 -0.9119)\"><\/path><\/svg>\t\t\t<\/span>\n\t\t\t\t\t\t\t\t\t<span class=\"elementor-button-text\">Unirme al grupo de whatsapp <\/span>\n\t\t\t\t\t<\/span>\n\t\t\t\t\t<\/a>\n\t\t\t\t\t\t\t\t<\/div>\n\t\t\t\t<div class=\"elementor-element elementor-element-520ca6d8 elementor-widget elementor-widget-text-editor\" data-id=\"520ca6d8\" data-element_type=\"widget\" data-e-type=\"widget\" data-widget_type=\"text-editor.default\">\n\t\t\t\t\t\t\t\t\t<p><span style=\"font-style: inherit; font-weight: inherit;\">Ser\u00e1s redireccionado en:<\/span><\/p>\t\t\t\t\t\t\t\t<\/div>\n\t\t\t\t<div class=\"elementor-element elementor-element-6172060b elementor-countdown--label-block elementor-widget elementor-widget-countdown\" data-id=\"6172060b\" data-element_type=\"widget\" data-e-type=\"widget\" data-widget_type=\"countdown.default\">\n\t\t\t\t\t\t\t<div data-evergreen-interval=\"30\" class=\"elementor-countdown-wrapper\" data-date=\"\">\n\t\t\t<div class=\"elementor-countdown-item\"><span class=\"elementor-countdown-digits elementor-countdown-seconds\"><\/span> <span class=\"elementor-countdown-label\">Segundos<\/span><\/div>\t\t<\/div>\n\t\t\t\t\t\t<\/div>\n\t\t\t\t\t<\/div>\n\t\t<\/div>\n\t\t\t\t\t<\/div>\n\t\t<\/section>\n\t\t\t\t<section class=\"elementor-section elementor-top-section elementor-element elementor-element-40ab9ea0 elementor-section-boxed elementor-section-height-default elementor-section-height-default\" data-id=\"40ab9ea0\" data-element_type=\"section\" data-e-type=\"section\" data-settings=\"{&quot;background_background&quot;:&quot;classic&quot;}\">\n\t\t\t\t\t\t<div class=\"elementor-container elementor-column-gap-default\">\n\t\t\t\t\t<div class=\"elementor-column elementor-col-100 elementor-top-column elementor-element elementor-element-35b5d3f3\" data-id=\"35b5d3f3\" data-element_type=\"column\" data-e-type=\"column\">\n\t\t\t<div class=\"elementor-widget-wrap elementor-element-populated\">\n\t\t\t\t\t\t<div class=\"elementor-element elementor-element-1b748354 elementor-widget-divider--view-line elementor-widget elementor-widget-divider\" data-id=\"1b748354\" data-element_type=\"widget\" data-e-type=\"widget\" data-widget_type=\"divider.default\">\n\t\t\t\t\t\t\t<div class=\"elementor-divider\">\n\t\t\t<span class=\"elementor-divider-separator\">\n\t\t\t\t\t\t<\/span>\n\t\t<\/div>\n\t\t\t\t\t\t<\/div>\n\t\t\t\t<div class=\"elementor-element elementor-element-58b9a28d elementor-widget elementor-widget-text-editor\" data-id=\"58b9a28d\" data-element_type=\"widget\" data-e-type=\"widget\" data-widget_type=\"text-editor.default\">\n\t\t\t\t\t\t\t\t\t<p>Copyright \u00a9 2023 Incubadora de Lanzamientos l Pol\u00edticas de Privacidad l Pol\u00edtica de Cookies l T\u00e9rminos y condiciones<\/p>\t\t\t\t\t\t\t\t<\/div>\n\t\t\t\t\t<\/div>\n\t\t<\/div>\n\t\t\t\t\t<\/div>\n\t\t<\/section>\n\t\t\t\t<\/div>\n\t\t","protected":false},"excerpt":{"rendered":"<p>\u00danete al grupo de WhatsApp para que puedas recibir toda la informaci\u00f3n de la clase online. arrow-icon-size3 Unirme al grupo de whatsapp Ser\u00e1s redireccionado en: Segundos Copyright \u00a9 2023 Incubadora de Lanzamientos l Pol\u00edticas de Privacidad l Pol\u00edtica de Cookies l T\u00e9rminos y condiciones<\/p>\n","protected":false},"author":1,"featured_media":0,"parent":0,"menu_order":0,"comment_status":"closed","ping_status":"closed","template":"elementor_canvas","meta":{"footnotes":""},"class_list":["post-49","page","type-page","status-publish","hentry"],"yoast_head":"<!-- This site is optimized with the Yoast SEO plugin v27.4 - https:\/\/yoast.com\/product\/yoast-seo-wordpress\/ -->\n<title>Elementor #49 - hipnoexito7<\/title>\n<meta name=\"robots\" content=\"index, follow, max-snippet:-1, max-image-preview:large, max-video-preview:-1\" \/>\n<link rel=\"canonical\" href=\"https:\/\/www.hipnoexito7.com\/index.php\/elementor-49\/\" \/>\n<meta property=\"og:locale\" content=\"es_ES\" \/>\n<meta property=\"og:type\" content=\"article\" \/>\n<meta property=\"og:title\" content=\"Elementor #49 - hipnoexito7\" \/>\n<meta property=\"og:description\" content=\"\u00danete al grupo de WhatsApp para que puedas recibir toda la informaci\u00f3n de la clase online. arrow-icon-size3 Unirme al grupo de whatsapp Ser\u00e1s redireccionado en: Segundos Copyright \u00a9 2023 Incubadora de Lanzamientos l Pol\u00edticas de Privacidad l Pol\u00edtica de Cookies l T\u00e9rminos y condiciones\" \/>\n<meta property=\"og:url\" content=\"https:\/\/www.hipnoexito7.com\/index.php\/elementor-49\/\" \/>\n<meta property=\"og:site_name\" content=\"hipnoexito7\" \/>\n<meta property=\"article:modified_time\" content=\"2024-02-06T16:58:52+00:00\" \/>\n<meta name=\"twitter:card\" content=\"summary_large_image\" \/>\n<script type=\"application\/ld+json\" class=\"yoast-schema-graph\">{\"@context\":\"https:\\\/\\\/schema.org\",\"@graph\":[{\"@type\":\"WebPage\",\"@id\":\"https:\\\/\\\/www.hipnoexito7.com\\\/index.php\\\/elementor-49\\\/\",\"url\":\"https:\\\/\\\/www.hipnoexito7.com\\\/index.php\\\/elementor-49\\\/\",\"name\":\"Elementor #49 - hipnoexito7\",\"isPartOf\":{\"@id\":\"https:\\\/\\\/www.hipnoexito7.com\\\/#website\"},\"datePublished\":\"2024-02-06T16:57:13+00:00\",\"dateModified\":\"2024-02-06T16:58:52+00:00\",\"breadcrumb\":{\"@id\":\"https:\\\/\\\/www.hipnoexito7.com\\\/index.php\\\/elementor-49\\\/#breadcrumb\"},\"inLanguage\":\"es\",\"potentialAction\":[{\"@type\":\"ReadAction\",\"target\":[\"https:\\\/\\\/www.hipnoexito7.com\\\/index.php\\\/elementor-49\\\/\"]}]},{\"@type\":\"BreadcrumbList\",\"@id\":\"https:\\\/\\\/www.hipnoexito7.com\\\/index.php\\\/elementor-49\\\/#breadcrumb\",\"itemListElement\":[{\"@type\":\"ListItem\",\"position\":1,\"name\":\"Portada\",\"item\":\"https:\\\/\\\/www.hipnoexito7.com\\\/\"},{\"@type\":\"ListItem\",\"position\":2,\"name\":\"Elementor #49\"}]},{\"@type\":\"WebSite\",\"@id\":\"https:\\\/\\\/www.hipnoexito7.com\\\/#website\",\"url\":\"https:\\\/\\\/www.hipnoexito7.com\\\/\",\"name\":\"hipnoexito7\",\"description\":\"Habla en p&uacute;blico con publico con confianza y s&eacute; esa persona que todos admiran en un escenario\",\"potentialAction\":[{\"@type\":\"SearchAction\",\"target\":{\"@type\":\"EntryPoint\",\"urlTemplate\":\"https:\\\/\\\/www.hipnoexito7.com\\\/?s={search_term_string}\"},\"query-input\":{\"@type\":\"PropertyValueSpecification\",\"valueRequired\":true,\"valueName\":\"search_term_string\"}}],\"inLanguage\":\"es\"}]}<\/script>\n<!-- \/ Yoast SEO plugin. -->","yoast_head_json":{"title":"Elementor #49 - hipnoexito7","robots":{"index":"index","follow":"follow","max-snippet":"max-snippet:-1","max-image-preview":"max-image-preview:large","max-video-preview":"max-video-preview:-1"},"canonical":"https:\/\/www.hipnoexito7.com\/index.php\/elementor-49\/","og_locale":"es_ES","og_type":"article","og_title":"Elementor #49 - hipnoexito7","og_description":"\u00danete al grupo de WhatsApp para que puedas recibir toda la informaci\u00f3n de la clase online. arrow-icon-size3 Unirme al grupo de whatsapp Ser\u00e1s redireccionado en: Segundos Copyright \u00a9 2023 Incubadora de Lanzamientos l Pol\u00edticas de Privacidad l Pol\u00edtica de Cookies l T\u00e9rminos y condiciones","og_url":"https:\/\/www.hipnoexito7.com\/index.php\/elementor-49\/","og_site_name":"hipnoexito7","article_modified_time":"2024-02-06T16:58:52+00:00","twitter_card":"summary_large_image","schema":{"@context":"https:\/\/schema.org","@graph":[{"@type":"WebPage","@id":"https:\/\/www.hipnoexito7.com\/index.php\/elementor-49\/","url":"https:\/\/www.hipnoexito7.com\/index.php\/elementor-49\/","name":"Elementor #49 - hipnoexito7","isPartOf":{"@id":"https:\/\/www.hipnoexito7.com\/#website"},"datePublished":"2024-02-06T16:57:13+00:00","dateModified":"2024-02-06T16:58:52+00:00","breadcrumb":{"@id":"https:\/\/www.hipnoexito7.com\/index.php\/elementor-49\/#breadcrumb"},"inLanguage":"es","potentialAction":[{"@type":"ReadAction","target":["https:\/\/www.hipnoexito7.com\/index.php\/elementor-49\/"]}]},{"@type":"BreadcrumbList","@id":"https:\/\/www.hipnoexito7.com\/index.php\/elementor-49\/#breadcrumb","itemListElement":[{"@type":"ListItem","position":1,"name":"Portada","item":"https:\/\/www.hipnoexito7.com\/"},{"@type":"ListItem","position":2,"name":"Elementor #49"}]},{"@type":"WebSite","@id":"https:\/\/www.hipnoexito7.com\/#website","url":"https:\/\/www.hipnoexito7.com\/","name":"hipnoexito7","description":"Habla en p&uacute;blico con publico con confianza y s&eacute; esa persona que todos admiran en un escenario","potentialAction":[{"@type":"SearchAction","target":{"@type":"EntryPoint","urlTemplate":"https:\/\/www.hipnoexito7.com\/?s={search_term_string}"},"query-input":{"@type":"PropertyValueSpecification","valueRequired":true,"valueName":"search_term_string"}}],"inLanguage":"es"}]}},"_links":{"self":[{"href":"https:\/\/www.hipnoexito7.com\/index.php\/wp-json\/wp\/v2\/pages\/49","targetHints":{"allow":["GET"]}}],"collection":[{"href":"https:\/\/www.hipnoexito7.com\/index.php\/wp-json\/wp\/v2\/pages"}],"about":[{"href":"https:\/\/www.hipnoexito7.com\/index.php\/wp-json\/wp\/v2\/types\/page"}],"author":[{"embeddable":true,"href":"https:\/\/www.hipnoexito7.com\/index.php\/wp-json\/wp\/v2\/users\/1"}],"replies":[{"embeddable":true,"href":"https:\/\/www.hipnoexito7.com\/index.php\/wp-json\/wp\/v2\/comments?post=49"}],"version-history":[{"count":4,"href":"https:\/\/www.hipnoexito7.com\/index.php\/wp-json\/wp\/v2\/pages\/49\/revisions"}],"predecessor-version":[{"id":56,"href":"https:\/\/www.hipnoexito7.com\/index.php\/wp-json\/wp\/v2\/pages\/49\/revisions\/56"}],"wp:attachment":[{"href":"https:\/\/www.hipnoexito7.com\/index.php\/wp-json\/wp\/v2\/media?parent=49"}],"curies":[{"name":"wp","href":"https:\/\/api.w.org\/{rel}","templated":true}]}}